{"id":55,"date":"2023-04-17T22:30:30","date_gmt":"2023-04-17T20:30:30","guid":{"rendered":"http:\/\/localhost:8000\/?page_id=55"},"modified":"2023-05-04T08:43:15","modified_gmt":"2023-05-04T08:43:15","slug":"baker","status":"publish","type":"page","link":"https:\/\/www.rekab.com\/index.php\/baker\/","title":{"rendered":"Baker"},"content":{"rendered":"\n<p class=\"has-text-align-center\">Logga in p\u00e5 v\u00e5rt extran\u00e4t Baker f\u00f6r att hantera betalningar, kundfordringar och kvittoredovisningar: <a rel=\"noreferrer noopener\" href=\"http:\/\/baker.rekab.com\" target=\"_blank\">Login Baker<\/a><\/p>\n","protected":false},"excerpt":{"rendered":"<p>Logga in p\u00e5 v\u00e5rt extran\u00e4t Baker f\u00f6r att hantera betalningar, kundfordringar och kvittoredovisningar: Login Baker<\/p>\n","protected":false},"author":1,"featured_media":154,"parent":0,"menu_order":0,"comment_status":"closed","ping_status":"closed","template":"","meta":{"hide_page_title":""},"_links":{"self":[{"href":"https:\/\/www.rekab.com\/index.php\/wp-json\/wp\/v2\/pages\/55"}],"collection":[{"href":"https:\/\/www.rekab.com\/index.php\/wp-json\/wp\/v2\/pages"}],"about":[{"href":"https:\/\/www.rekab.com\/index.php\/wp-json\/wp\/v2\/types\/page"}],"author":[{"embeddable":true,"href":"https:\/\/www.rekab.com\/index.php\/wp-json\/wp\/v2\/users\/1"}],"replies":[{"embeddable":true,"href":"https:\/\/www.rekab.com\/index.php\/wp-json\/wp\/v2\/comments?post=55"}],"version-history":[{"count":1,"href":"https:\/\/www.rekab.com\/index.php\/wp-json\/wp\/v2\/pages\/55\/revisions"}],"predecessor-version":[{"id":173,"href":"https:\/\/www.rekab.com\/index.php\/wp-json\/wp\/v2\/pages\/55\/revisions\/173"}],"wp:featuredmedia":[{"embeddable":true,"href":"https:\/\/www.rekab.com\/index.php\/wp-json\/wp\/v2\/media\/154"}],"wp:attachment":[{"href":"https:\/\/www.rekab.com\/index.php\/wp-json\/wp\/v2\/media?parent=55"}],"curies":[{"name":"wp","href":"https:\/\/api.w.org\/{rel}","templated":true}]}}