{"id":41,"date":"2023-04-17T22:12:36","date_gmt":"2023-04-17T20:12:36","guid":{"rendered":"http:\/\/localhost:8000\/?page_id=41"},"modified":"2023-05-04T08:18:31","modified_gmt":"2023-05-04T08:18:31","slug":"rekab","status":"publish","type":"page","link":"https:\/\/www.rekab.com\/","title":{"rendered":"Rekab"},"content":{"rendered":"\n<h2 class=\"has-text-align-center\">Rekab<\/h2>\n\n\n\n<p>Vi underl\u00e4ttar vardagen f\u00f6r dig genom att sk\u00f6ta dina ekonomiska rutiner p\u00e5 ett effektivt och l\u00f6nsamt s\u00e4tt.<\/p>\n\n\n\n<p>Genom att vi specialiserat oss p\u00e5 ekonomitj\u00e4nster f\u00f6r franchisef\u00f6retag kan vi underl\u00e4tta det dagliga arbetet s\u00e5 att du kan koncentrera dig p\u00e5 det du \u00e4r b\u00e4st p\u00e5.<\/p>\n","protected":false},"excerpt":{"rendered":"<p>Rekab Vi underl\u00e4ttar vardagen f\u00f6r dig genom att sk\u00f6ta dina ekonomiska rutiner p\u00e5 ett effektivt och l\u00f6nsamt s\u00e4tt. Genom att vi specialiserat oss p\u00e5 ekonomitj\u00e4nster f\u00f6r franchisef\u00f6retag kan vi underl\u00e4tta det dagliga arbetet s\u00e5 att du kan koncentrera dig p\u00e5 det du \u00e4r b\u00e4st p\u00e5.<\/p>\n","protected":false},"author":1,"featured_media":155,"parent":0,"menu_order":0,"comment_status":"closed","ping_status":"closed","template":"","meta":{"hide_page_title":""},"_links":{"self":[{"href":"https:\/\/www.rekab.com\/index.php\/wp-json\/wp\/v2\/pages\/41"}],"collection":[{"href":"https:\/\/www.rekab.com\/index.php\/wp-json\/wp\/v2\/pages"}],"about":[{"href":"https:\/\/www.rekab.com\/index.php\/wp-json\/wp\/v2\/types\/page"}],"author":[{"embeddable":true,"href":"https:\/\/www.rekab.com\/index.php\/wp-json\/wp\/v2\/users\/1"}],"replies":[{"embeddable":true,"href":"https:\/\/www.rekab.com\/index.php\/wp-json\/wp\/v2\/comments?post=41"}],"version-history":[{"count":1,"href":"https:\/\/www.rekab.com\/index.php\/wp-json\/wp\/v2\/pages\/41\/revisions"}],"predecessor-version":[{"id":167,"href":"https:\/\/www.rekab.com\/index.php\/wp-json\/wp\/v2\/pages\/41\/revisions\/167"}],"wp:featuredmedia":[{"embeddable":true,"href":"https:\/\/www.rekab.com\/index.php\/wp-json\/wp\/v2\/media\/155"}],"wp:attachment":[{"href":"https:\/\/www.rekab.com\/index.php\/wp-json\/wp\/v2\/media?parent=41"}],"curies":[{"name":"wp","href":"https:\/\/api.w.org\/{rel}","templated":true}]}}