{"id":16,"date":"2023-02-15T13:47:01","date_gmt":"2023-02-15T12:47:01","guid":{"rendered":"http:\/\/localhost:8000\/?page_id=12"},"modified":"2023-05-04T08:16:25","modified_gmt":"2023-05-04T08:16:25","slug":"kontakt","status":"publish","type":"page","link":"https:\/\/www.rekab.com\/index.php\/kontakt\/","title":{"rendered":"Kontakt"},"content":{"rendered":"\n<p>V\u00e4lkommen att h\u00f6ra av dig per mail eller telefon. Om du vill bes\u00f6ka oss hittar du oss p\u00e5 f\u00f6ljande adress:<\/p>\n\n\n\n<p><strong>Kontoret i J\u00f6nk\u00f6ping<\/strong><br>Lokstallarna<br>Telefon:&nbsp;<a href=\"tel:036305580\">036 &#8211; 30 55 80<\/a><br>E-post:&nbsp;<a href=\"mailto:info@rekab.com\">info@rekab.com<\/a><\/p>\n\n\n\n<div class=\"is-layout-flex wp-container-2 wp-block-columns\">\n<div class=\"is-layout-flow wp-block-column\">\n<p><\/p>\n<\/div>\n<\/div>\n\n\n\n<p>Ledning:<\/p>\n\n\n\n<p><\/p>\n\n\n\n<div class=\"is-layout-flex wp-container-7 wp-block-columns\">\n<div class=\"is-layout-flow wp-block-column\" style=\"flex-basis:100%\">\n<div class=\"is-layout-flex wp-container-5 wp-block-columns\">\n<div class=\"is-layout-flow wp-block-column\">\n<figure class=\"wp-block-image size-full is-resized\"><img decoding=\"async\" loading=\"lazy\" src=\"http:\/\/localhost:8041\/wp-content\/uploads\/2023\/05\/Rekab_Malena_180.jpg\" alt=\"\" class=\"wp-image-146\" width=\"133\" height=\"170\"\/><figcaption class=\"wp-element-caption\">Malena Edstr\u00f6m <br><a href=\"tel:036-305587\" data-type=\"tel\" data-id=\"tel:036-305587\">036-30 55 87<\/a> <br><a href=\"mailto:malena.edstrom@rekab.com\" data-type=\"mailto\" data-id=\"mailto:malena.edstrom@rekab.com\">malena.edstrom@rekab.com<\/a><\/figcaption><\/figure>\n<\/div>\n\n\n\n<div class=\"is-layout-flow wp-block-column\">\n<figure class=\"wp-block-image size-full is-resized\"><img decoding=\"async\" loading=\"lazy\" src=\"http:\/\/localhost:8041\/wp-content\/uploads\/2023\/05\/Rekab_Lena_180.jpg\" alt=\"\" class=\"wp-image-144\" width=\"137\" height=\"175\"\/><figcaption class=\"wp-element-caption\">Lena Eriksson<br><a href=\"tel:036-305477\" data-type=\"tel\" data-id=\"tel:036-305477\">036-30 54 77<\/a><br><a href=\"mailto:lena.eriksson@rekab.com\" data-type=\"mailto\" data-id=\"mailto:lena.eriksson@rekab.com\">lena.eriksson@rekab.com <\/a><\/figcaption><\/figure>\n<\/div>\n<\/div>\n<\/div>\n<\/div>\n\n\n\n<p><\/p>\n","protected":false},"excerpt":{"rendered":"<p>V\u00e4lkommen att h\u00f6ra av dig per mail eller telefon. Om du vill bes\u00f6ka oss hittar du oss p\u00e5 f\u00f6ljande adress: Kontoret i J\u00f6nk\u00f6pingLokstallarnaTelefon:&nbsp;036 &#8211; 30 55 80E-post:&nbsp;info@rekab.com Ledning:<\/p>\n","protected":false},"author":1,"featured_media":160,"parent":0,"menu_order":0,"comment_status":"closed","ping_status":"closed","template":"","meta":{"hide_page_title":""},"_links":{"self":[{"href":"https:\/\/www.rekab.com\/index.php\/wp-json\/wp\/v2\/pages\/16"}],"collection":[{"href":"https:\/\/www.rekab.com\/index.php\/wp-json\/wp\/v2\/pages"}],"about":[{"href":"https:\/\/www.rekab.com\/index.php\/wp-json\/wp\/v2\/types\/page"}],"author":[{"embeddable":true,"href":"https:\/\/www.rekab.com\/index.php\/wp-json\/wp\/v2\/users\/1"}],"replies":[{"embeddable":true,"href":"https:\/\/www.rekab.com\/index.php\/wp-json\/wp\/v2\/comments?post=16"}],"version-history":[{"count":2,"href":"https:\/\/www.rekab.com\/index.php\/wp-json\/wp\/v2\/pages\/16\/revisions"}],"predecessor-version":[{"id":165,"href":"https:\/\/www.rekab.com\/index.php\/wp-json\/wp\/v2\/pages\/16\/revisions\/165"}],"wp:featuredmedia":[{"embeddable":true,"href":"https:\/\/www.rekab.com\/index.php\/wp-json\/wp\/v2\/media\/160"}],"wp:attachment":[{"href":"https:\/\/www.rekab.com\/index.php\/wp-json\/wp\/v2\/media?parent=16"}],"curies":[{"name":"wp","href":"https:\/\/api.w.org\/{rel}","templated":true}]}}