{"id":14,"date":"2023-02-15T13:47:01","date_gmt":"2023-02-15T12:47:01","guid":{"rendered":"http:\/\/localhost:8000\/?page_id=10"},"modified":"2023-05-04T08:18:56","modified_gmt":"2023-05-04T08:18:56","slug":"tjanster","status":"publish","type":"page","link":"https:\/\/www.rekab.com\/index.php\/tjanster\/","title":{"rendered":"Tj\u00e4nster"},"content":{"rendered":"\n<p>Vi erbjuder m\u00e5nga ekonomitj\u00e4nster och str\u00e4var hela tiden efter att modernisera och f\u00f6renkla arbetsmetoderna, f\u00f6r att underl\u00e4tta f\u00f6r v\u00e5ra kunder.<\/p>\n\n\n\n<p>I v\u00e5ra uppdrag ing\u00e5r bl.a. tj\u00e4nster som;<\/p>\n\n\n\n<ul>\n<li>L\u00f6pande bokf\u00f6ring<\/li>\n\n\n\n<li>Reskontrahantering<\/li>\n\n\n\n<li>L\u00f6ner och l\u00f6nehantering<\/li>\n\n\n\n<li>Budget och budgetplanering<\/li>\n\n\n\n<li>Redovisning<\/li>\n\n\n\n<li>M\u00e5nads- och \u00e5rsbokslut<\/li>\n\n\n\n<li>Bolagsdeklarationer<\/li>\n<\/ul>\n\n\n\n<p>Vi har l\u00e5ng erfarenhet av redovisning f\u00f6r franchisef\u00f6retag och \u00e4r duktiga p\u00e5 att skr\u00e4ddarsy ekonomil\u00f6sningar.<\/p>\n\n\n\n<p>Vi arbetar med ett eget-utvecklat program \u2013 Baker. I Baker kan leverant\u00f6rsfakturor scannas av Rekab f\u00f6r att attesteras av kund, kvitton redovisas, kundfakturor registreras och l\u00f6ner rapporteras.<\/p>\n","protected":false},"excerpt":{"rendered":"<p>Vi erbjuder m\u00e5nga ekonomitj\u00e4nster och str\u00e4var hela tiden efter att modernisera och f\u00f6renkla arbetsmetoderna, f\u00f6r att underl\u00e4tta f\u00f6r v\u00e5ra kunder. I v\u00e5ra uppdrag ing\u00e5r bl.a. tj\u00e4nster som; Vi har l\u00e5ng erfarenhet av redovisning f\u00f6r franchisef\u00f6retag och \u00e4r duktiga p\u00e5 att skr\u00e4ddarsy ekonomil\u00f6sningar. Vi arbetar med ett eget-utvecklat program \u2013 Baker. I Baker kan leverant\u00f6rsfakturor scannas [&hellip;]<\/p>\n","protected":false},"author":1,"featured_media":156,"parent":0,"menu_order":0,"comment_status":"closed","ping_status":"closed","template":"","meta":{"hide_page_title":""},"_links":{"self":[{"href":"https:\/\/www.rekab.com\/index.php\/wp-json\/wp\/v2\/pages\/14"}],"collection":[{"href":"https:\/\/www.rekab.com\/index.php\/wp-json\/wp\/v2\/pages"}],"about":[{"href":"https:\/\/www.rekab.com\/index.php\/wp-json\/wp\/v2\/types\/page"}],"author":[{"embeddable":true,"href":"https:\/\/www.rekab.com\/index.php\/wp-json\/wp\/v2\/users\/1"}],"replies":[{"embeddable":true,"href":"https:\/\/www.rekab.com\/index.php\/wp-json\/wp\/v2\/comments?post=14"}],"version-history":[{"count":1,"href":"https:\/\/www.rekab.com\/index.php\/wp-json\/wp\/v2\/pages\/14\/revisions"}],"predecessor-version":[{"id":168,"href":"https:\/\/www.rekab.com\/index.php\/wp-json\/wp\/v2\/pages\/14\/revisions\/168"}],"wp:featuredmedia":[{"embeddable":true,"href":"https:\/\/www.rekab.com\/index.php\/wp-json\/wp\/v2\/media\/156"}],"wp:attachment":[{"href":"https:\/\/www.rekab.com\/index.php\/wp-json\/wp\/v2\/media?parent=14"}],"curies":[{"name":"wp","href":"https:\/\/api.w.org\/{rel}","templated":true}]}}